{"id":88,"date":"2020-09-19T23:50:17","date_gmt":"2020-09-19T21:50:17","guid":{"rendered":"http:\/\/decouverteautorisee.fr\/?page_id=88"},"modified":"2022-02-23T19:28:33","modified_gmt":"2022-02-23T18:28:33","slug":"intervenants","status":"publish","type":"page","link":"https:\/\/decouverteautorisee.fr\/?page_id=88","title":{"rendered":"Intervenante"},"content":{"rendered":"\n<p><strong>Agn\u00e8s Urvoas<\/strong>, guide conf\u00e9renci\u00e8re en nouvelle Aquitaine.<\/p>\n\n\n\n<p>J\u2019adore faire de nouvelles rencontres et partager mes lieux coup de c\u0153ur en Gironde et en Dordogne.<\/p>\n\n\n\n<p>Lors de mes visites je vous propose de d\u00e9couvrir des lieux insolites, des histoires humaines,des anecdotes et des bons plans pour d\u00e9couvrir la gastronomie et les vignobles de ces deux territoires.<\/p>\n\n\n\n<figure class=\"wp-block-image size-full is-resized\"><img loading=\"lazy\" decoding=\"async\" src=\"https:\/\/decouverteautorisee.fr\/wp-content\/uploads\/2022\/02\/agnes_20210713.jpg\" alt=\"\" class=\"wp-image-143\" width=\"206\" height=\"154\" srcset=\"https:\/\/decouverteautorisee.fr\/wp-content\/uploads\/2022\/02\/agnes_20210713.jpg 822w, https:\/\/decouverteautorisee.fr\/wp-content\/uploads\/2022\/02\/agnes_20210713-300x224.jpg 300w, https:\/\/decouverteautorisee.fr\/wp-content\/uploads\/2022\/02\/agnes_20210713-768x575.jpg 768w\" sizes=\"auto, (max-width: 206px) 100vw, 206px\" \/><\/figure>\n\n\n\n<figure class=\"wp-block-image size-large\"><img decoding=\"async\" src=\"https:\/\/decouverteautorisee.fr\/wp-content\/uploads\/2020\/09\/IMG-20200916-WA0003-1024x856.jpg\" alt=\"Agn\u00e8s Urvoas\" class=\"wp-image-41\"\/><\/figure>\n\n\n\n<p>Agnes, a french tour guide in Nouvelle Aquitaine. I would love to make you discover my region in Gironde and Dordogne. Let\u2019s have a look in original places with an original smily guide. Please follow me.<\/p>\n","protected":false},"excerpt":{"rendered":"<p>Agn\u00e8s Urvoas, guide conf\u00e9renci\u00e8re en nouvelle Aquitaine. J\u2019adore faire de nouvelles rencontres et partager mes lieux coup de c\u0153ur en Gironde et en Dordogne. Lors de mes visites je vous propose de d\u00e9couvrir des lieux insolites, des histoires humaines,des anecdotes et des bons plans pour d\u00e9couvrir la gastronomie et les vignobles de ces deux territoires. [&hellip;]<\/p>\n","protected":false},"author":1,"featured_media":0,"parent":0,"menu_order":0,"comment_status":"closed","ping_status":"closed","template":"","meta":{"footnotes":""},"class_list":["post-88","page","type-page","status-publish","hentry"],"_links":{"self":[{"href":"https:\/\/decouverteautorisee.fr\/index.php?rest_route=\/wp\/v2\/pages\/88","targetHints":{"allow":["GET"]}}],"collection":[{"href":"https:\/\/decouverteautorisee.fr\/index.php?rest_route=\/wp\/v2\/pages"}],"about":[{"href":"https:\/\/decouverteautorisee.fr\/index.php?rest_route=\/wp\/v2\/types\/page"}],"author":[{"embeddable":true,"href":"https:\/\/decouverteautorisee.fr\/index.php?rest_route=\/wp\/v2\/users\/1"}],"replies":[{"embeddable":true,"href":"https:\/\/decouverteautorisee.fr\/index.php?rest_route=%2Fwp%2Fv2%2Fcomments&post=88"}],"version-history":[{"count":3,"href":"https:\/\/decouverteautorisee.fr\/index.php?rest_route=\/wp\/v2\/pages\/88\/revisions"}],"predecessor-version":[{"id":145,"href":"https:\/\/decouverteautorisee.fr\/index.php?rest_route=\/wp\/v2\/pages\/88\/revisions\/145"}],"wp:attachment":[{"href":"https:\/\/decouverteautorisee.fr\/index.php?rest_route=%2Fwp%2Fv2%2Fmedia&parent=88"}],"curies":[{"name":"wp","href":"https:\/\/api.w.org\/{rel}","templated":true}]}}