{"id":73,"date":"2020-09-19T23:23:11","date_gmt":"2020-09-19T21:23:11","guid":{"rendered":"http:\/\/decouverteautorisee.fr\/?page_id=73"},"modified":"2020-09-19T23:35:40","modified_gmt":"2020-09-19T21:35:40","slug":"nos-produits","status":"publish","type":"page","link":"https:\/\/decouverteautorisee.fr\/?page_id=73","title":{"rendered":"Nos produits"},"content":{"rendered":"\n<p><\/p>\n\n\n\n<p>Nous vous proposons diff\u00e9rents produits. <\/p>\n\n\n\n<ul class=\"wp-block-list\"><li>Des visites guid\u00e9es de Bordeaux et des visites guid\u00e9es sur la m\u00e9tropole de Bordeaux.<\/li><li>Des visites \u00e0 la carte pour des groupes. <\/li><li>Des activit\u00e9s pour les scolaires. (sorties scolaires sur Bordeaux, ateliers p\u00e9dagogiques, visites guid\u00e9es pour les enfants&#8230;)<\/li><\/ul>\n","protected":false},"excerpt":{"rendered":"<p>Nous vous proposons diff\u00e9rents produits. Des visites guid\u00e9es de Bordeaux et des visites guid\u00e9es sur la m\u00e9tropole de Bordeaux. Des visites \u00e0 la carte pour des groupes. Des activit\u00e9s pour les scolaires. (sorties scolaires sur Bordeaux, ateliers p\u00e9dagogiques, visites guid\u00e9es pour les enfants&#8230;)<\/p>\n","protected":false},"author":1,"featured_media":0,"parent":0,"menu_order":0,"comment_status":"closed","ping_status":"closed","template":"","meta":{"footnotes":""},"class_list":["post-73","page","type-page","status-publish","hentry"],"_links":{"self":[{"href":"https:\/\/decouverteautorisee.fr\/index.php?rest_route=\/wp\/v2\/pages\/73","targetHints":{"allow":["GET"]}}],"collection":[{"href":"https:\/\/decouverteautorisee.fr\/index.php?rest_route=\/wp\/v2\/pages"}],"about":[{"href":"https:\/\/decouverteautorisee.fr\/index.php?rest_route=\/wp\/v2\/types\/page"}],"author":[{"embeddable":true,"href":"https:\/\/decouverteautorisee.fr\/index.php?rest_route=\/wp\/v2\/users\/1"}],"replies":[{"embeddable":true,"href":"https:\/\/decouverteautorisee.fr\/index.php?rest_route=%2Fwp%2Fv2%2Fcomments&post=73"}],"version-history":[{"count":2,"href":"https:\/\/decouverteautorisee.fr\/index.php?rest_route=\/wp\/v2\/pages\/73\/revisions"}],"predecessor-version":[{"id":76,"href":"https:\/\/decouverteautorisee.fr\/index.php?rest_route=\/wp\/v2\/pages\/73\/revisions\/76"}],"wp:attachment":[{"href":"https:\/\/decouverteautorisee.fr\/index.php?rest_route=%2Fwp%2Fv2%2Fmedia&parent=73"}],"curies":[{"name":"wp","href":"https:\/\/api.w.org\/{rel}","templated":true}]}}