{"id":30,"date":"2020-08-24T00:28:14","date_gmt":"2020-08-23T22:28:14","guid":{"rendered":"http:\/\/decouverteautorisee.fr\/?page_id=30"},"modified":"2022-02-25T10:55:10","modified_gmt":"2022-02-25T09:55:10","slug":"contact","status":"publish","type":"page","link":"https:\/\/decouverteautorisee.fr\/?page_id=30","title":{"rendered":"Contact"},"content":{"rendered":"\n<p>Agn\u00e8s Urvoas guide conf\u00e9renci\u00e8re Dordogne et Gironde<\/p>\n\n\n\n<p>(+33)6 11 36 63 70 \/  contact@decouverteautorisee.fr<\/p>\n","protected":false},"excerpt":{"rendered":"<p>Agn\u00e8s Urvoas guide conf\u00e9renci\u00e8re Dordogne et Gironde (+33)6 11 36 63 70 \/ contact@decouverteautorisee.fr<\/p>\n","protected":false},"author":1,"featured_media":0,"parent":0,"menu_order":0,"comment_status":"closed","ping_status":"closed","template":"","meta":{"footnotes":""},"class_list":["post-30","page","type-page","status-publish","hentry"],"_links":{"self":[{"href":"https:\/\/decouverteautorisee.fr\/index.php?rest_route=\/wp\/v2\/pages\/30","targetHints":{"allow":["GET"]}}],"collection":[{"href":"https:\/\/decouverteautorisee.fr\/index.php?rest_route=\/wp\/v2\/pages"}],"about":[{"href":"https:\/\/decouverteautorisee.fr\/index.php?rest_route=\/wp\/v2\/types\/page"}],"author":[{"embeddable":true,"href":"https:\/\/decouverteautorisee.fr\/index.php?rest_route=\/wp\/v2\/users\/1"}],"replies":[{"embeddable":true,"href":"https:\/\/decouverteautorisee.fr\/index.php?rest_route=%2Fwp%2Fv2%2Fcomments&post=30"}],"version-history":[{"count":4,"href":"https:\/\/decouverteautorisee.fr\/index.php?rest_route=\/wp\/v2\/pages\/30\/revisions"}],"predecessor-version":[{"id":148,"href":"https:\/\/decouverteautorisee.fr\/index.php?rest_route=\/wp\/v2\/pages\/30\/revisions\/148"}],"wp:attachment":[{"href":"https:\/\/decouverteautorisee.fr\/index.php?rest_route=%2Fwp%2Fv2%2Fmedia&parent=30"}],"curies":[{"name":"wp","href":"https:\/\/api.w.org\/{rel}","templated":true}]}}