{"id":22,"date":"2020-08-24T00:06:18","date_gmt":"2020-08-23T22:06:18","guid":{"rendered":"http:\/\/decouverteautorisee.fr\/?page_id=22"},"modified":"2024-04-17T16:20:34","modified_gmt":"2024-04-17T14:20:34","slug":"a-propos","status":"publish","type":"page","link":"https:\/\/decouverteautorisee.fr\/","title":{"rendered":"D\u00e9couverte autoris\u00e9e"},"content":{"rendered":"\n<p> <strong>D\u00e9couvrez la Gironde et la Dordogne avec une guide conf\u00e9renci\u00e8re <\/strong><\/p>\n\n\n\n<p>D\u00e9couverte autoris\u00e9e vous propose des visites guid\u00e9es sur Bordeaux, en Gironde et en Dordogne. Passionn\u00e9e de patrimoine, d&rsquo;histoire et &#8230;de street art, j&rsquo;adore aussi faire d\u00e9couvrir la gastronomie de ces deux d\u00e9partements.<\/p>\n\n\n\n<figure class=\"wp-block-image size-large is-resized is-style-default\"><img loading=\"lazy\" decoding=\"async\" width=\"1250\" height=\"929\" src=\"https:\/\/decouverteautorisee.fr\/wp-content\/uploads\/2022\/02\/IMG_20191014_142018-edited.jpg\" alt=\"Pont de pierre Bordeaux France\" class=\"wp-image-132\" srcset=\"https:\/\/decouverteautorisee.fr\/wp-content\/uploads\/2022\/02\/IMG_20191014_142018-edited.jpg 1250w, https:\/\/decouverteautorisee.fr\/wp-content\/uploads\/2022\/02\/IMG_20191014_142018-edited-300x223.jpg 300w, https:\/\/decouverteautorisee.fr\/wp-content\/uploads\/2022\/02\/IMG_20191014_142018-edited-1024x761.jpg 1024w, https:\/\/decouverteautorisee.fr\/wp-content\/uploads\/2022\/02\/IMG_20191014_142018-edited-768x571.jpg 768w, https:\/\/decouverteautorisee.fr\/wp-content\/uploads\/2022\/02\/IMG_20191014_142018-edited-1200x892.jpg 1200w\" sizes=\"auto, (max-width: 1250px) 100vw, 1250px\" \/><figcaption class=\"wp-element-caption\">Bordeaux, le pont de pierre sur la Garonne.<\/figcaption><\/figure>\n\n\n\n<figure class=\"wp-block-image size-full is-resized is-style-default\"><img loading=\"lazy\" decoding=\"async\" width=\"754\" height=\"414\" src=\"https:\/\/decouverteautorisee.fr\/wp-content\/uploads\/2022\/02\/montage_streetart_bordeaux.jpg\" alt=\"\" class=\"wp-image-133\" style=\"aspect-ratio:1.819935691318328;width:568px;height:auto\" srcset=\"https:\/\/decouverteautorisee.fr\/wp-content\/uploads\/2022\/02\/montage_streetart_bordeaux.jpg 754w, https:\/\/decouverteautorisee.fr\/wp-content\/uploads\/2022\/02\/montage_streetart_bordeaux-300x165.jpg 300w\" sizes=\"auto, (max-width: 754px) 100vw, 754px\" \/><figcaption class=\"wp-element-caption\">Bordeaux ville de street art<\/figcaption><\/figure>\n\n\n\n<figure class=\"wp-block-image size-large is-resized\"><img loading=\"lazy\" decoding=\"async\" width=\"1024\" height=\"1024\" src=\"https:\/\/decouverteautorisee.fr\/wp-content\/uploads\/2024\/04\/libourne-1024x1024.jpg\" alt=\"\" class=\"wp-image-153\" style=\"width:610px;height:auto\" srcset=\"https:\/\/decouverteautorisee.fr\/wp-content\/uploads\/2024\/04\/libourne-1024x1024.jpg 1024w, https:\/\/decouverteautorisee.fr\/wp-content\/uploads\/2024\/04\/libourne-300x300.jpg 300w, https:\/\/decouverteautorisee.fr\/wp-content\/uploads\/2024\/04\/libourne-150x150.jpg 150w, https:\/\/decouverteautorisee.fr\/wp-content\/uploads\/2024\/04\/libourne-768x768.jpg 768w, https:\/\/decouverteautorisee.fr\/wp-content\/uploads\/2024\/04\/libourne-1536x1536.jpg 1536w, https:\/\/decouverteautorisee.fr\/wp-content\/uploads\/2024\/04\/libourne-1200x1200.jpg 1200w, https:\/\/decouverteautorisee.fr\/wp-content\/uploads\/2024\/04\/libourne.jpg 1564w\" sizes=\"auto, (max-width: 1024px) 100vw, 1024px\" \/><figcaption class=\"wp-element-caption\">La bastide de Libourne \u00e0 la confluence de l&rsquo;Isle et de la Dordogne.<\/figcaption><\/figure>\n\n\n\n<figure class=\"wp-block-image size-large is-resized\"><img loading=\"lazy\" decoding=\"async\" width=\"1024\" height=\"1024\" src=\"https:\/\/decouverteautorisee.fr\/wp-content\/uploads\/2022\/02\/saint-emilion2-1024x1024.jpg\" alt=\"\" class=\"wp-image-134\" srcset=\"https:\/\/decouverteautorisee.fr\/wp-content\/uploads\/2022\/02\/saint-emilion2-1024x1024.jpg 1024w, https:\/\/decouverteautorisee.fr\/wp-content\/uploads\/2022\/02\/saint-emilion2-300x300.jpg 300w, https:\/\/decouverteautorisee.fr\/wp-content\/uploads\/2022\/02\/saint-emilion2-150x150.jpg 150w, https:\/\/decouverteautorisee.fr\/wp-content\/uploads\/2022\/02\/saint-emilion2-768x768.jpg 768w, https:\/\/decouverteautorisee.fr\/wp-content\/uploads\/2022\/02\/saint-emilion2-1536x1536.jpg 1536w, https:\/\/decouverteautorisee.fr\/wp-content\/uploads\/2022\/02\/saint-emilion2-1200x1200.jpg 1200w, https:\/\/decouverteautorisee.fr\/wp-content\/uploads\/2022\/02\/saint-emilion2.jpg 1564w\" sizes=\"auto, (max-width: 1024px) 100vw, 1024px\" \/><figcaption class=\"wp-element-caption\">&lsquo;Le magnifique village de Saint Emilion et son vignoble.&rsquo;Le magnifique village de Saint Emilion et son vignoble.<\/figcaption><\/figure>\n\n\n\n<figure class=\"wp-block-image size-large is-resized\"><img loading=\"lazy\" decoding=\"async\" width=\"1024\" height=\"1024\" src=\"https:\/\/decouverteautorisee.fr\/wp-content\/uploads\/2022\/02\/bergerac2-1-1024x1024.jpg\" alt=\"\" class=\"wp-image-140\" srcset=\"https:\/\/decouverteautorisee.fr\/wp-content\/uploads\/2022\/02\/bergerac2-1-1024x1024.jpg 1024w, https:\/\/decouverteautorisee.fr\/wp-content\/uploads\/2022\/02\/bergerac2-1-300x300.jpg 300w, https:\/\/decouverteautorisee.fr\/wp-content\/uploads\/2022\/02\/bergerac2-1-150x150.jpg 150w, https:\/\/decouverteautorisee.fr\/wp-content\/uploads\/2022\/02\/bergerac2-1-768x768.jpg 768w, https:\/\/decouverteautorisee.fr\/wp-content\/uploads\/2022\/02\/bergerac2-1-1536x1536.jpg 1536w, https:\/\/decouverteautorisee.fr\/wp-content\/uploads\/2022\/02\/bergerac2-1-1200x1200.jpg 1200w, https:\/\/decouverteautorisee.fr\/wp-content\/uploads\/2022\/02\/bergerac2-1.jpg 1564w\" sizes=\"auto, (max-width: 1024px) 100vw, 1024px\" \/><figcaption class=\"wp-element-caption\">Bergerac ancienne ville de commerce fluviale sur la Dordogne et ses <br>Cyrano.<\/figcaption><\/figure>\n\n\n\n<figure class=\"wp-block-image size-large is-resized\"><img loading=\"lazy\" decoding=\"async\" width=\"1024\" height=\"1024\" src=\"https:\/\/decouverteautorisee.fr\/wp-content\/uploads\/2022\/02\/perigueux-1024x1024.jpg\" alt=\"\" class=\"wp-image-138\" srcset=\"https:\/\/decouverteautorisee.fr\/wp-content\/uploads\/2022\/02\/perigueux-1024x1024.jpg 1024w, https:\/\/decouverteautorisee.fr\/wp-content\/uploads\/2022\/02\/perigueux-300x300.jpg 300w, https:\/\/decouverteautorisee.fr\/wp-content\/uploads\/2022\/02\/perigueux-150x150.jpg 150w, https:\/\/decouverteautorisee.fr\/wp-content\/uploads\/2022\/02\/perigueux-768x768.jpg 768w, https:\/\/decouverteautorisee.fr\/wp-content\/uploads\/2022\/02\/perigueux-1536x1536.jpg 1536w, https:\/\/decouverteautorisee.fr\/wp-content\/uploads\/2022\/02\/perigueux-1200x1200.jpg 1200w, https:\/\/decouverteautorisee.fr\/wp-content\/uploads\/2022\/02\/perigueux.jpg 1564w\" sizes=\"auto, (max-width: 1024px) 100vw, 1024px\" \/><figcaption class=\"wp-element-caption\">P\u00e9rigueux ville gourmande, au riche patrimoine gallo-romain et m\u00e9di\u00e9vale.<\/figcaption><\/figure>\n\n\n\n<figure class=\"wp-block-image size-large is-resized\"><img loading=\"lazy\" decoding=\"async\" width=\"1024\" height=\"1024\" src=\"https:\/\/decouverteautorisee.fr\/wp-content\/uploads\/2022\/02\/sarlat-1024x1024.jpg\" alt=\"\" class=\"wp-image-139\" srcset=\"https:\/\/decouverteautorisee.fr\/wp-content\/uploads\/2022\/02\/sarlat-1024x1024.jpg 1024w, https:\/\/decouverteautorisee.fr\/wp-content\/uploads\/2022\/02\/sarlat-300x300.jpg 300w, https:\/\/decouverteautorisee.fr\/wp-content\/uploads\/2022\/02\/sarlat-150x150.jpg 150w, https:\/\/decouverteautorisee.fr\/wp-content\/uploads\/2022\/02\/sarlat-768x768.jpg 768w, https:\/\/decouverteautorisee.fr\/wp-content\/uploads\/2022\/02\/sarlat-1536x1536.jpg 1536w, https:\/\/decouverteautorisee.fr\/wp-content\/uploads\/2022\/02\/sarlat-1200x1200.jpg 1200w, https:\/\/decouverteautorisee.fr\/wp-content\/uploads\/2022\/02\/sarlat.jpg 1564w\" sizes=\"auto, (max-width: 1024px) 100vw, 1024px\" \/><figcaption class=\"wp-element-caption\">Sarlat capitale du P\u00e9rigord noir<\/figcaption><\/figure>\n","protected":false},"excerpt":{"rendered":"<p>D\u00e9couvrez la Gironde et la Dordogne avec une guide conf\u00e9renci\u00e8re D\u00e9couverte autoris\u00e9e vous propose des visites guid\u00e9es sur Bordeaux, en Gironde et en Dordogne. Passionn\u00e9e de patrimoine, d&rsquo;histoire et &#8230;de street art, j&rsquo;adore aussi faire d\u00e9couvrir la gastronomie de ces deux d\u00e9partements.<\/p>\n","protected":false},"author":1,"featured_media":133,"parent":0,"menu_order":0,"comment_status":"closed","ping_status":"closed","template":"","meta":{"footnotes":""},"class_list":["post-22","page","type-page","status-publish","has-post-thumbnail","hentry"],"_links":{"self":[{"href":"https:\/\/decouverteautorisee.fr\/index.php?rest_route=\/wp\/v2\/pages\/22","targetHints":{"allow":["GET"]}}],"collection":[{"href":"https:\/\/decouverteautorisee.fr\/index.php?rest_route=\/wp\/v2\/pages"}],"about":[{"href":"https:\/\/decouverteautorisee.fr\/index.php?rest_route=\/wp\/v2\/types\/page"}],"author":[{"embeddable":true,"href":"https:\/\/decouverteautorisee.fr\/index.php?rest_route=\/wp\/v2\/users\/1"}],"replies":[{"embeddable":true,"href":"https:\/\/decouverteautorisee.fr\/index.php?rest_route=%2Fwp%2Fv2%2Fcomments&post=22"}],"version-history":[{"count":11,"href":"https:\/\/decouverteautorisee.fr\/index.php?rest_route=\/wp\/v2\/pages\/22\/revisions"}],"predecessor-version":[{"id":155,"href":"https:\/\/decouverteautorisee.fr\/index.php?rest_route=\/wp\/v2\/pages\/22\/revisions\/155"}],"wp:featuredmedia":[{"embeddable":true,"href":"https:\/\/decouverteautorisee.fr\/index.php?rest_route=\/wp\/v2\/media\/133"}],"wp:attachment":[{"href":"https:\/\/decouverteautorisee.fr\/index.php?rest_route=%2Fwp%2Fv2%2Fmedia&parent=22"}],"curies":[{"name":"wp","href":"https:\/\/api.w.org\/{rel}","templated":true}]}}